{"id":945,"date":"2018-10-25T15:00:12","date_gmt":"2018-10-25T18:00:12","guid":{"rendered":"http:\/\/metaincorporadora.com.br\/about-us\/"},"modified":"2018-11-06T15:02:30","modified_gmt":"2018-11-06T17:02:30","slug":"about-us","status":"publish","type":"page","link":"https:\/\/metaincorporadora.com.br\/en\/about-us\/","title":{"rendered":"About Us"},"content":{"rendered":"<p>[et_pb_section bb_built=&#8221;1&#8243; next_background_color=&#8221;#000000&#8243;][et_pb_row][et_pb_column type=&#8221;4_4&#8243;][et_pb_text admin_label=&#8221;Focada em desenvolver empreendimentos comerciais e resid\u00eancias de alto padr\u00e3o, a Meta procura entender a demanda do mercado, os anseios do seu p\u00fablico e seu modo de vida cada vez mais diversificado.&#8221; _builder_version=&#8221;3.0.106&#8243; background_layout=&#8221;light&#8221; text_orientation=&#8221;center&#8221; header_3_font=&#8221;|300|on||||||&#8221; header_3_font_size=&#8221;24px&#8221; header_3_line_height=&#8221;30px&#8221;]<\/p>\n<h3> We are focused on sophisticated, high standard offices and residential developments.<\/h3>\n<p>[\/et_pb_text][\/et_pb_column][\/et_pb_row][et_pb_row _builder_version=&#8221;3.0.106&#8243; padding_right_1=&#8221;5%&#8221; make_equal=&#8221;on&#8221; custom_css_main_2=&#8221;display: flex; ||    flex-direction: column; ||    justify-content: center;&#8221;][et_pb_column type=&#8221;1_2&#8243;][et_pb_text _builder_version=&#8221;3.0.106&#8243; background_layout=&#8221;light&#8221;]<\/p>\n<p>We from Meta understand that details really make a difference. Therefore, our developments are always characterized by the prizing of design and architecture \u2013 which makes them unique and very desirable.<\/p>\n<p>As a boutique developer, we select and analyze every project carefully.<\/p>\n<p>Our company has a background of more than 25 years of experience brought by Souza Lima Construtora, a renowned and highly regarded builder, which responds for hundreds of very high standard buildings scattered throughout the city. As a company of the same group, they are responsible for all works of Meta Incorporadora.<\/p>\n<p>Inspiration, desire, obsession by details, relationship building and respect for customers are our guidelines.<\/p>\n<p>The result of all this can be seen in the several developments already delivered or in progress.<\/p>\n<p><strong>This mix of factors enables Meta&#8217;s customers to purchase developments that gain more and more value with time.<\/strong><\/p>\n<p>[\/et_pb_text][\/et_pb_column][et_pb_column type=&#8221;1_2&#8243;][et_pb_image _builder_version=&#8221;3.0.106&#8243; src=&#8221;http:\/\/metaincorporadora.com.br\/wp-content\/uploads\/2018\/04\/empresa.jpg&#8221; show_in_lightbox=&#8221;off&#8221; url_new_window=&#8221;off&#8221; use_overlay=&#8221;off&#8221; always_center_on_mobile=&#8221;on&#8221; force_fullwidth=&#8221;off&#8221; show_bottom_space=&#8221;off&#8221; module_class=&#8221;borda_imagem&#8221; align=&#8221;center&#8221; \/][\/et_pb_column][\/et_pb_row][\/et_pb_section][et_pb_section bb_built=&#8221;1&#8243; fullwidth=&#8221;off&#8221; specialty=&#8221;off&#8221; prev_background_color=&#8221;#000000&#8243; _builder_version=&#8221;3.0.106&#8243; background_image=&#8221;http:\/\/metaincorporadora.com.br\/wp-content\/uploads\/2018\/04\/bgempresa.png&#8221; module_class=&#8221;empresa_diferenciais&#8221; custom_margin=&#8221;80px||60px|&#8221; next_background_color=&#8221;#000000&#8243;][et_pb_row _builder_version=&#8221;3.0.106&#8243; module_alignment=&#8221;center&#8221; custom_width_percent=&#8221;90%&#8221; custom_width_px=&#8221;1700px&#8221; module_class=&#8221;container_wide destaque_empresa&#8221;][et_pb_column type=&#8221;1_2&#8243;][et_pb_image _builder_version=&#8221;3.0.106&#8243; src=&#8221;http:\/\/metaincorporadora.com.br\/wp-content\/uploads\/2018\/04\/empresa.png&#8221; show_in_lightbox=&#8221;off&#8221; url_new_window=&#8221;off&#8221; use_overlay=&#8221;off&#8221; always_center_on_mobile=&#8221;on&#8221; force_fullwidth=&#8221;off&#8221; show_bottom_space=&#8221;on&#8221; module_class=&#8221;borda_imagem borda_imagem_esquerdo&#8221; align=&#8221;center&#8221; \/][\/et_pb_column][et_pb_column type=&#8221;1_2&#8243;][et_pb_text _builder_version=&#8221;3.0.106&#8243; background_layout=&#8221;light&#8221;]<\/p>\n<p><strong>Design sophistication: <\/strong><br \/>\nProjects created by renowned architects.<br \/>\n<a href=\"\/?page_id=574\">Know more<\/a><\/p>\n<p>[\/et_pb_text][et_pb_text _builder_version=&#8221;3.0.106&#8243; background_layout=&#8221;light&#8221;]<\/p>\n<p><strong>Architectural quality: <\/strong><br \/>\nConstruction by Souza Lima Construtora<br \/>\n<a href=\"http:\/\/slconstrutora.com.br\/\" target=\"_blank\">Know more<\/a><\/p>\n<p>[\/et_pb_text][et_pb_text _builder_version=&#8221;3.0.106&#8243; background_layout=&#8221;light&#8221;]<\/p>\n<p><strong>Privileged locations: <\/strong><br \/>\nShortening distances between home and work<\/p>\n<p>[\/et_pb_text][et_pb_text _builder_version=&#8221;3.0.106&#8243; background_layout=&#8221;light&#8221;]<\/p>\n<p><strong>Smart spaces:<\/strong><br \/>\nAdequate to the customers&#8217; current needs<\/p>\n<p>[\/et_pb_text][et_pb_text _builder_version=&#8221;3.0.106&#8243; background_layout=&#8221;light&#8221;]<\/p>\n<p><strong>Obsession by details<\/strong><\/p>\n<p>[\/et_pb_text][et_pb_text _builder_version=&#8221;3.0.106&#8243; background_layout=&#8221;light&#8221;]<\/p>\n<p><strong> Care for customers <\/strong><\/p>\n<p>[\/et_pb_text][\/et_pb_column][\/et_pb_row][\/et_pb_section][et_pb_section bb_built=&#8221;1&#8243; fullwidth=&#8221;off&#8221; specialty=&#8221;off&#8221; prev_background_color=&#8221;#000000&#8243; _builder_version=&#8221;3.0.106&#8243; module_class=&#8221;container_wide&#8221; custom_padding=&#8221;||100px|&#8221;][et_pb_row admin_label=&#8221;Titulo&#8221; _builder_version=&#8221;3.0.106&#8243; module_class=&#8221;titulo&#8221;][et_pb_column type=&#8221;4_4&#8243;][et_pb_text admin_label=&#8221;FA\u00c7A UM TOUR VIRTUAL&#8221; _builder_version=&#8221;3.0.106&#8243; background_layout=&#8221;light&#8221;]<\/p>\n<h2> TAKE A VIRTUAL TOUR <\/h2>\n<p>[\/et_pb_text][\/et_pb_column][\/et_pb_row][et_pb_row _builder_version=&#8221;3.0.106&#8243; module_class=&#8221;tour_virtual&#8221; make_fullwidth=&#8221;on&#8221;][et_pb_column type=&#8221;4_4&#8243;][et_pb_code _builder_version=&#8221;3.0.106&#8243;]&lt;iframe src=&quot;http:\/\/www.metaincorporadora.com.br\/v1\/meta-tour\/index.html&quot;&gt;&lt;\/iframe&gt;[\/et_pb_code][\/et_pb_column][\/et_pb_row][\/et_pb_section]<\/p>\n","protected":false},"excerpt":{"rendered":"<p>[et_pb_section bb_built=&#8221;1&#8243; next_background_color=&#8221;#000000&#8243;][et_pb_row][et_pb_column type=&#8221;4_4&#8243;][et_pb_text admin_label=&#8221;Focada em desenvolver empreendimentos comerciais e resid\u00eancias de alto padr\u00e3o, a Meta procura entender a demanda do mercado, os anseios do seu p\u00fablico e seu modo de vida cada vez mais diversificado.&#8221; _builder_version=&#8221;3.0.106&#8243; background_layout=&#8221;light&#8221; text_orientation=&#8221;center&#8221; header_3_font=&#8221;|300|on||||||&#8221; header_3_font_size=&#8221;24px&#8221; header_3_line_height=&#8221;30px&#8221;] We are focused on sophisticated, high standard offices and residential developments. [\/et_pb_text][\/et_pb_column][\/et_pb_row][et_pb_row _builder_version=&#8221;3.0.106&#8243; [&hellip;]<\/p>\n","protected":false},"author":1,"featured_media":1036,"parent":0,"menu_order":0,"comment_status":"closed","ping_status":"closed","template":"","meta":{"footnotes":""},"class_list":["post-945","page","type-page","status-publish","has-post-thumbnail","hentry"],"_links":{"self":[{"href":"https:\/\/metaincorporadora.com.br\/en\/wp-json\/wp\/v2\/pages\/945\/"}],"collection":[{"href":"https:\/\/metaincorporadora.com.br\/en\/wp-json\/wp\/v2\/pages\/"}],"about":[{"href":"https:\/\/metaincorporadora.com.br\/en\/wp-json\/wp\/v2\/types\/page\/"}],"author":[{"embeddable":true,"href":"https:\/\/metaincorporadora.com.br\/en\/wp-json\/wp\/v2\/users\/1\/"}],"replies":[{"embeddable":true,"href":"https:\/\/metaincorporadora.com.br\/en\/wp-json\/wp\/v2\/comments\/?post=945"}],"version-history":[{"count":4,"href":"https:\/\/metaincorporadora.com.br\/en\/wp-json\/wp\/v2\/pages\/945\/revisions\/"}],"predecessor-version":[{"id":1035,"href":"https:\/\/metaincorporadora.com.br\/en\/wp-json\/wp\/v2\/pages\/945\/revisions\/1035\/"}],"wp:featuredmedia":[{"embeddable":true,"href":"https:\/\/metaincorporadora.com.br\/en\/wp-json\/wp\/v2\/media\/1036\/"}],"wp:attachment":[{"href":"https:\/\/metaincorporadora.com.br\/en\/wp-json\/wp\/v2\/media\/?parent=945"}],"curies":[{"name":"wp","href":"https:\/\/api.w.org\/{rel}","templated":true}]}}