{"id":950,"date":"2018-10-25T15:07:54","date_gmt":"2018-10-25T18:07:54","guid":{"rendered":"http:\/\/metaincorporadora.com.br\/distinguishing-points\/"},"modified":"2018-11-06T15:44:20","modified_gmt":"2018-11-06T17:44:20","slug":"distinguishing-points","status":"publish","type":"page","link":"https:\/\/metaincorporadora.com.br\/en\/distinguishing-points\/","title":{"rendered":"Distinguishing Points"},"content":{"rendered":"<p>[et_pb_section bb_built=&#8221;1&#8243;][et_pb_row _builder_version=&#8221;3.0.106&#8243; module_class=&#8221;apresentacao_empreendimento&#8221;][et_pb_column type=&#8221;1_3&#8243;][et_pb_text admin_label=&#8221;1&#8243; _builder_version=&#8221;3.0.106&#8243; background_layout=&#8221;light&#8221; module_class=&#8221;titulo_container&#8221;]<\/p>\n<h1>1<\/h1>\n<p>[\/et_pb_text][et_pb_text admin_label=&#8221;Atendimento Personalizado do in\u00edcio ao fim&#8221; _builder_version=&#8221;3.0.106&#8243; background_layout=&#8221;light&#8221; module_class=&#8221;titulo_container titulo_container_hr&#8221; header_2_text_align=&#8221;center&#8221;]<\/p>\n<h2>Customized service from beginning to end<\/h2>\n<p>[\/et_pb_text][et_pb_text _builder_version=&#8221;3.0.106&#8243; background_layout=&#8221;light&#8221;]<\/p>\n<p>We care for our customers with the utmost respect and dedication, from project customization to after-sales assistance.<\/p>\n<p>[\/et_pb_text][\/et_pb_column][et_pb_column type=&#8221;2_3&#8243;][et_pb_image _builder_version=&#8221;3.0.106&#8243; src=&#8221;http:\/\/metaincorporadora.com.br\/wp-content\/uploads\/2018\/06\/atendimento-personalizado.jpg&#8221; show_in_lightbox=&#8221;off&#8221; url_new_window=&#8221;off&#8221; use_overlay=&#8221;off&#8221; always_center_on_mobile=&#8221;on&#8221; force_fullwidth=&#8221;off&#8221; show_bottom_space=&#8221;on&#8221; module_class=&#8221;sem_sombra&#8221; \/][\/et_pb_column][\/et_pb_row][et_pb_row][et_pb_column type=&#8221;4_4&#8243;][et_pb_code _builder_version=&#8221;3.0.106&#8243; module_class=&#8221;hr_meta&#8221;]&lt;hr&gt;[\/et_pb_code][\/et_pb_column][\/et_pb_row][et_pb_row _builder_version=&#8221;3.0.106&#8243; module_class=&#8221;apresentacao_empreendimento apresentacao_empreendimento2&#8243;][et_pb_column type=&#8221;2_3&#8243;][et_pb_image _builder_version=&#8221;3.0.106&#8243; src=&#8221;http:\/\/metaincorporadora.com.br\/wp-content\/uploads\/2018\/06\/capacitacao.jpg&#8221; show_in_lightbox=&#8221;off&#8221; url_new_window=&#8221;off&#8221; use_overlay=&#8221;off&#8221; always_center_on_mobile=&#8221;on&#8221; force_fullwidth=&#8221;off&#8221; show_bottom_space=&#8221;on&#8221; module_class=&#8221;borda_imagem_esquerdo sem_sombra&#8221; \/][\/et_pb_column][et_pb_column type=&#8221;1_3&#8243;][et_pb_text admin_label=&#8221;2&#8243; _builder_version=&#8221;3.0.106&#8243; background_layout=&#8221;light&#8221; module_class=&#8221;titulo_container&#8221;]<\/p>\n<h1>2<\/h1>\n<p>[\/et_pb_text][et_pb_text admin_label=&#8221;Capacita\u00e7\u00e3o t\u00e9cnica&#8221; _builder_version=&#8221;3.0.106&#8243; background_layout=&#8221;light&#8221; module_class=&#8221;titulo_container titulo_container_hr&#8221; header_2_text_align=&#8221;center&#8221;]<\/p>\n<h2>Technical capability<\/h2>\n<p>[\/et_pb_text][et_pb_text _builder_version=&#8221;3.0.106&#8243; background_layout=&#8221;light&#8221;]<\/p>\n<p>We believe that excellence can be achieved only with keenness and dedication. That&#8217;s why we invest in the proper selection and qualification of our employees.<\/p>\n<p>[\/et_pb_text][\/et_pb_column][\/et_pb_row][et_pb_row][et_pb_column type=&#8221;4_4&#8243;][et_pb_code _builder_version=&#8221;3.0.106&#8243; module_class=&#8221;hr_meta&#8221;]&lt;hr&gt;[\/et_pb_code][\/et_pb_column][\/et_pb_row][et_pb_row _builder_version=&#8221;3.0.106&#8243; module_class=&#8221;apresentacao_empreendimento&#8221;][et_pb_column type=&#8221;1_3&#8243;][et_pb_text admin_label=&#8221;3&#8243; _builder_version=&#8221;3.0.106&#8243; background_layout=&#8221;light&#8221; module_class=&#8221;titulo_container&#8221;]<\/p>\n<h1>3<\/h1>\n<p>[\/et_pb_text][et_pb_text admin_label=&#8221;Constru\u00e7\u00e3o de Excel\u00eancia&#8221; _builder_version=&#8221;3.0.106&#8243; background_layout=&#8221;light&#8221; module_class=&#8221;titulo_container titulo_container_hr&#8221; header_2_text_align=&#8221;center&#8221;]<\/p>\n<h2>Excellence in building<\/h2>\n<p>[\/et_pb_text][et_pb_text _builder_version=&#8221;3.0.106&#8243; background_layout=&#8221;light&#8221;]<\/p>\n<p>Our projects come into being through the support of <a href=\"http:\/\/slconstrutora.com.br\/\" target=\"_blank\" rel=\"noopener\">Souza Lima Construtora<\/a>, a company of the building industry renowned by its quality and delivery excellence.<\/p>\n<p>[\/et_pb_text][\/et_pb_column][et_pb_column type=&#8221;2_3&#8243;][et_pb_image _builder_version=&#8221;3.0.106&#8243; src=&#8221;http:\/\/metaincorporadora.com.br\/wp-content\/uploads\/2018\/06\/construcao.jpg&#8221; show_in_lightbox=&#8221;off&#8221; url_new_window=&#8221;off&#8221; use_overlay=&#8221;off&#8221; always_center_on_mobile=&#8221;on&#8221; force_fullwidth=&#8221;off&#8221; show_bottom_space=&#8221;on&#8221; module_class=&#8221;sem_sombra&#8221; \/][\/et_pb_column][\/et_pb_row][et_pb_row][et_pb_column type=&#8221;4_4&#8243;][et_pb_code _builder_version=&#8221;3.0.106&#8243; module_class=&#8221;hr_meta&#8221;]&lt;hr&gt;[\/et_pb_code][\/et_pb_column][\/et_pb_row][et_pb_row _builder_version=&#8221;3.0.106&#8243; module_class=&#8221;apresentacao_empreendimento apresentacao_empreendimento2&#8243;][et_pb_column type=&#8221;2_3&#8243;][et_pb_image _builder_version=&#8221;3.0.106&#8243; src=&#8221;http:\/\/metaincorporadora.com.br\/wp-content\/uploads\/2018\/06\/valor.jpg&#8221; show_in_lightbox=&#8221;off&#8221; url_new_window=&#8221;off&#8221; use_overlay=&#8221;off&#8221; always_center_on_mobile=&#8221;on&#8221; force_fullwidth=&#8221;off&#8221; show_bottom_space=&#8221;on&#8221; module_class=&#8221;borda_imagem_esquerdo sem_sombra&#8221; \/][\/et_pb_column][et_pb_column type=&#8221;1_3&#8243;][et_pb_text admin_label=&#8221;4&#8243; _builder_version=&#8221;3.0.106&#8243; background_layout=&#8221;light&#8221; module_class=&#8221;titulo_container&#8221;]<\/p>\n<h1>4<\/h1>\n<p>[\/et_pb_text][et_pb_text admin_label=&#8221;Valor com o tempo&#8221; _builder_version=&#8221;3.0.106&#8243; background_layout=&#8221;light&#8221; module_class=&#8221;titulo_container titulo_container_hr&#8221; header_2_text_align=&#8221;center&#8221;]<\/p>\n<h2>Value with time<\/h2>\n<p>[\/et_pb_text][et_pb_text _builder_version=&#8221;3.0.106&#8243; background_layout=&#8221;light&#8221;]<\/p>\n<p>The value of our developments increase significantly with time.<\/p>\n<p>[\/et_pb_text][\/et_pb_column][\/et_pb_row][\/et_pb_section]<\/p>\n","protected":false},"excerpt":{"rendered":"<p>[et_pb_section bb_built=&#8221;1&#8243;][et_pb_row _builder_version=&#8221;3.0.106&#8243; module_class=&#8221;apresentacao_empreendimento&#8221;][et_pb_column type=&#8221;1_3&#8243;][et_pb_text admin_label=&#8221;1&#8243; _builder_version=&#8221;3.0.106&#8243; background_layout=&#8221;light&#8221; module_class=&#8221;titulo_container&#8221;] 1 [\/et_pb_text][et_pb_text admin_label=&#8221;Atendimento Personalizado do in\u00edcio ao fim&#8221; _builder_version=&#8221;3.0.106&#8243; background_layout=&#8221;light&#8221; module_class=&#8221;titulo_container titulo_container_hr&#8221; header_2_text_align=&#8221;center&#8221;] Customized service from beginning to end [\/et_pb_text][et_pb_text _builder_version=&#8221;3.0.106&#8243; background_layout=&#8221;light&#8221;] We care for our customers with the utmost respect and dedication, from project customization to after-sales assistance. [\/et_pb_text][\/et_pb_column][et_pb_column type=&#8221;2_3&#8243;][et_pb_image _builder_version=&#8221;3.0.106&#8243; src=&#8221;http:\/\/metaincorporadora.com.br\/wp-content\/uploads\/2018\/06\/atendimento-personalizado.jpg&#8221; show_in_lightbox=&#8221;off&#8221; url_new_window=&#8221;off&#8221; use_overlay=&#8221;off&#8221; [&hellip;]<\/p>\n","protected":false},"author":1,"featured_media":1050,"parent":0,"menu_order":0,"comment_status":"closed","ping_status":"closed","template":"","meta":{"footnotes":""},"class_list":["post-950","page","type-page","status-publish","has-post-thumbnail","hentry"],"_links":{"self":[{"href":"https:\/\/metaincorporadora.com.br\/en\/wp-json\/wp\/v2\/pages\/950\/"}],"collection":[{"href":"https:\/\/metaincorporadora.com.br\/en\/wp-json\/wp\/v2\/pages\/"}],"about":[{"href":"https:\/\/metaincorporadora.com.br\/en\/wp-json\/wp\/v2\/types\/page\/"}],"author":[{"embeddable":true,"href":"https:\/\/metaincorporadora.com.br\/en\/wp-json\/wp\/v2\/users\/1\/"}],"replies":[{"embeddable":true,"href":"https:\/\/metaincorporadora.com.br\/en\/wp-json\/wp\/v2\/comments\/?post=950"}],"version-history":[{"count":1,"href":"https:\/\/metaincorporadora.com.br\/en\/wp-json\/wp\/v2\/pages\/950\/revisions\/"}],"predecessor-version":[{"id":951,"href":"https:\/\/metaincorporadora.com.br\/en\/wp-json\/wp\/v2\/pages\/950\/revisions\/951\/"}],"wp:featuredmedia":[{"embeddable":true,"href":"https:\/\/metaincorporadora.com.br\/en\/wp-json\/wp\/v2\/media\/1050\/"}],"wp:attachment":[{"href":"https:\/\/metaincorporadora.com.br\/en\/wp-json\/wp\/v2\/media\/?parent=950"}],"curies":[{"name":"wp","href":"https:\/\/api.w.org\/{rel}","templated":true}]}}