{"id":952,"date":"2018-10-25T15:09:32","date_gmt":"2018-10-25T18:09:32","guid":{"rendered":"http:\/\/metaincorporadora.com.br\/contact\/"},"modified":"2018-11-06T16:16:12","modified_gmt":"2018-11-06T18:16:12","slug":"contact","status":"publish","type":"page","link":"https:\/\/metaincorporadora.com.br\/en\/contact\/","title":{"rendered":"Contact"},"content":{"rendered":"<p>[et_pb_section bb_built=&#8221;1&#8243; next_background_color=&#8221;#000000&#8243;][et_pb_row admin_label=&#8221;Titulo&#8221; _builder_version=&#8221;3.0.106&#8243; module_class=&#8221;titulo&#8221;][et_pb_column type=&#8221;4_4&#8243;][et_pb_text admin_label=&#8221;CONTATO&#8221; _builder_version=&#8221;3.0.106&#8243; background_layout=&#8221;light&#8221;]<\/p>\n<h1>CONTACT<\/h1>\n<p>[\/et_pb_text][et_pb_text admin_label=&#8221;ENVIE UMA MENSAGEM PARA A META INCORPORADORA&#8221; _builder_version=&#8221;3.0.106&#8243; background_layout=&#8221;light&#8221;]<\/p>\n<h2>SEND A MESSAGE TO META INCORPORADORA<\/h2>\n<p>[\/et_pb_text][\/et_pb_column][\/et_pb_row][et_pb_row _builder_version=&#8221;3.0.106&#8243; padding_right_1=&#8221;50px&#8221;][et_pb_column type=&#8221;2_3&#8243;][et_pb_code admin_label=&#8221;Formulario&#8221; _builder_version=&#8221;3.0.106&#8243;]<p class=\"wpcf7-contact-form-not-found\"><strong>Error:<\/strong> Contact form not found.<\/p>[\/et_pb_code][\/et_pb_column][et_pb_column type=&#8221;1_3&#8243;][et_pb_image _builder_version=&#8221;3.0.106&#8243; src=&#8221;http:\/\/metaincorporadora.com.br\/wp-content\/uploads\/2018\/04\/empresa.png&#8221; show_in_lightbox=&#8221;off&#8221; url_new_window=&#8221;off&#8221; use_overlay=&#8221;off&#8221; always_center_on_mobile=&#8221;on&#8221; force_fullwidth=&#8221;off&#8221; show_bottom_space=&#8221;on&#8221; \/][\/et_pb_column][\/et_pb_row][\/et_pb_section][et_pb_section bb_built=&#8221;1&#8243; fullwidth=&#8221;off&#8221; specialty=&#8221;off&#8221; _builder_version=&#8221;3.0.106&#8243; module_class=&#8221;endereco_empreendimento&#8221; prev_background_color=&#8221;#000000&#8243;][et_pb_row][et_pb_column type=&#8221;1_4&#8243;][et_pb_text _builder_version=&#8221;3.0.106&#8243; background_layout=&#8221;light&#8221;]<\/p>\n<h3>Address<\/h3>\n<p>310, Tr\u00eas irm\u00e3os Street \u2013 5th floor<br \/>\nJardim Guedala\/SP &#8211; Brazil<br \/>\nZIP Code: 05615-190<\/p>\n<p><strong>+55 11 3723-2050<\/strong><\/p>\n<p>[\/et_pb_text][\/et_pb_column][et_pb_column type=&#8221;3_4&#8243;][et_pb_map _builder_version=&#8221;3.0.106&#8243; address=&#8221;Rua dos Tr\u00eas Irm\u00e3os, 310 &#8211; Vila Progredior, S\u00e3o Paulo &#8211; SP, Brasil&#8221; address_lat=&#8221;-23.587133203231105&#8243; address_lng=&#8221;-46.717097398741885&#8243; mouse_wheel=&#8221;on&#8221; mobile_dragging=&#8221;on&#8221; use_grayscale_filter=&#8221;off&#8221;][et_pb_map_pin _builder_version=&#8221;3.0.106&#8243; title=&#8221;Meta Incorporadora&#8221; pin_address=&#8221;Rua dos Tr\u00eas Irm\u00e3os, 310 &#8211; Vila Progredior, S\u00e3o Paulo &#8211; SP, Brasil&#8221; pin_address_lat=&#8221;-23.5874503&#8243; pin_address_lng=&#8221;-46.71729319999997&#8243; \/][\/et_pb_map][\/et_pb_column][\/et_pb_row][\/et_pb_section]<\/p>\n","protected":false},"excerpt":{"rendered":"<p>[et_pb_section bb_built=&#8221;1&#8243; next_background_color=&#8221;#000000&#8243;][et_pb_row admin_label=&#8221;Titulo&#8221; _builder_version=&#8221;3.0.106&#8243; module_class=&#8221;titulo&#8221;][et_pb_column type=&#8221;4_4&#8243;][et_pb_text admin_label=&#8221;CONTATO&#8221; _builder_version=&#8221;3.0.106&#8243; background_layout=&#8221;light&#8221;] CONTACT [\/et_pb_text][et_pb_text admin_label=&#8221;ENVIE UMA MENSAGEM PARA A META INCORPORADORA&#8221; _builder_version=&#8221;3.0.106&#8243; background_layout=&#8221;light&#8221;] SEND A MESSAGE TO META INCORPORADORA [\/et_pb_text][\/et_pb_column][\/et_pb_row][et_pb_row _builder_version=&#8221;3.0.106&#8243; padding_right_1=&#8221;50px&#8221;][et_pb_column type=&#8221;2_3&#8243;][et_pb_code admin_label=&#8221;Formulario&#8221; _builder_version=&#8221;3.0.106&#8243;][\/et_pb_code][\/et_pb_column][et_pb_column type=&#8221;1_3&#8243;][et_pb_image _builder_version=&#8221;3.0.106&#8243; src=&#8221;http:\/\/metaincorporadora.com.br\/wp-content\/uploads\/2018\/04\/empresa.png&#8221; show_in_lightbox=&#8221;off&#8221; url_new_window=&#8221;off&#8221; use_overlay=&#8221;off&#8221; always_center_on_mobile=&#8221;on&#8221; force_fullwidth=&#8221;off&#8221; show_bottom_space=&#8221;on&#8221; \/][\/et_pb_column][\/et_pb_row][\/et_pb_section][et_pb_section bb_built=&#8221;1&#8243; fullwidth=&#8221;off&#8221; specialty=&#8221;off&#8221; _builder_version=&#8221;3.0.106&#8243; module_class=&#8221;endereco_empreendimento&#8221; prev_background_color=&#8221;#000000&#8243;][et_pb_row][et_pb_column type=&#8221;1_4&#8243;][et_pb_text _builder_version=&#8221;3.0.106&#8243; background_layout=&#8221;light&#8221;] Address 310, Tr\u00eas [&hellip;]<\/p>\n","protected":false},"author":1,"featured_media":1036,"parent":0,"menu_order":0,"comment_status":"closed","ping_status":"closed","template":"","meta":{"footnotes":""},"class_list":["post-952","page","type-page","status-publish","has-post-thumbnail","hentry"],"_links":{"self":[{"href":"https:\/\/metaincorporadora.com.br\/en\/wp-json\/wp\/v2\/pages\/952\/"}],"collection":[{"href":"https:\/\/metaincorporadora.com.br\/en\/wp-json\/wp\/v2\/pages\/"}],"about":[{"href":"https:\/\/metaincorporadora.com.br\/en\/wp-json\/wp\/v2\/types\/page\/"}],"author":[{"embeddable":true,"href":"https:\/\/metaincorporadora.com.br\/en\/wp-json\/wp\/v2\/users\/1\/"}],"replies":[{"embeddable":true,"href":"https:\/\/metaincorporadora.com.br\/en\/wp-json\/wp\/v2\/comments\/?post=952"}],"version-history":[{"count":3,"href":"https:\/\/metaincorporadora.com.br\/en\/wp-json\/wp\/v2\/pages\/952\/revisions\/"}],"predecessor-version":[{"id":1060,"href":"https:\/\/metaincorporadora.com.br\/en\/wp-json\/wp\/v2\/pages\/952\/revisions\/1060\/"}],"wp:featuredmedia":[{"embeddable":true,"href":"https:\/\/metaincorporadora.com.br\/en\/wp-json\/wp\/v2\/media\/1036\/"}],"wp:attachment":[{"href":"https:\/\/metaincorporadora.com.br\/en\/wp-json\/wp\/v2\/media\/?parent=952"}],"curies":[{"name":"wp","href":"https:\/\/api.w.org\/{rel}","templated":true}]}}